{"id":89,"date":"2022-09-14T20:08:45","date_gmt":"2022-09-14T20:08:45","guid":{"rendered":"https:\/\/ukraine-infoportal.de\/?page_id=89"},"modified":"2023-03-31T21:50:05","modified_gmt":"2023-03-31T21:50:05","slug":"ukraine-infoportal","status":"publish","type":"page","link":"https:\/\/ukraine-infoportal.de\/","title":{"rendered":"Startseite"},"content":{"rendered":"\n<p>Dies ist eine Informationsseite zum Ukraine-Krieg. Ziel der Seite ist es, dem Leser wichtige Informationen zu pr\u00e4sentieren, die in den Medien meist wenig Beachtung finden. So bietet die Seite \u00dcbersichtsdarstellungen zu den internationalen Entwicklungen zwischen Russland und der NATO, sowie zu den Ereignissen unmittelbar vor dem russischen Einmarsch in die Ukraine.<\/p>\n\n\n\n<p>Diese \u00dcbersichtsdarstellungen werden zudem durch unterschiedliche Analysen erg\u00e4nzt, die helfen sollen, die internationalen und geopolitischen Zusammenh\u00e4nge sowie die innere Verfassung der Ukraine zu verstehen. Gerade letztere Punkte werden selten in gebotener Tiefe dargestellt.<\/p>\n\n\n\n<p>Zudem sollen auch einzelne oft wenig ber\u00fccksichtigte Themen wie Stimmen aus dem (nicht-westlichen) Ausland zur Ukraine, Details zur wirtschaftlichen Entwicklung im Zuge der Sanktionen oder die Frage nach den Auswirkungen des Krieges auf den Hunger in der Welt dargestellt werden. <\/p>\n\n\n\n<p>Zu diesem Zweck werden ausgew\u00e4hlte Artikel verlinkt und mit einigen S\u00e4tzen zusammengefasst.<\/p>\n","protected":false},"excerpt":{"rendered":"<p>Dies ist eine Informationsseite zum Ukraine-Krieg. Ziel der Seite ist es, dem Leser wichtige Informationen zu pr\u00e4sentieren, die in den Medien meist wenig Beachtung finden. So bietet die Seite \u00dcbersichtsdarstellungen zu den internationalen Entwicklungen zwischen Russland und der NATO, sowie zu den Ereignissen unmittelbar vor dem russischen Einmarsch in die Ukraine. Diese \u00dcbersichtsdarstellungen werden zudem [&hellip;]<\/p>\n","protected":false},"author":1,"featured_media":0,"parent":0,"menu_order":0,"comment_status":"closed","ping_status":"closed","template":"","meta":{"footnotes":""},"class_list":["post-89","page","type-page","status-publish","hentry"],"_links":{"self":[{"href":"https:\/\/ukraine-infoportal.de\/index.php\/wp-json\/wp\/v2\/pages\/89","targetHints":{"allow":["GET"]}}],"collection":[{"href":"https:\/\/ukraine-infoportal.de\/index.php\/wp-json\/wp\/v2\/pages"}],"about":[{"href":"https:\/\/ukraine-infoportal.de\/index.php\/wp-json\/wp\/v2\/types\/page"}],"author":[{"embeddable":true,"href":"https:\/\/ukraine-infoportal.de\/index.php\/wp-json\/wp\/v2\/users\/1"}],"replies":[{"embeddable":true,"href":"https:\/\/ukraine-infoportal.de\/index.php\/wp-json\/wp\/v2\/comments?post=89"}],"version-history":[{"count":5,"href":"https:\/\/ukraine-infoportal.de\/index.php\/wp-json\/wp\/v2\/pages\/89\/revisions"}],"predecessor-version":[{"id":274,"href":"https:\/\/ukraine-infoportal.de\/index.php\/wp-json\/wp\/v2\/pages\/89\/revisions\/274"}],"wp:attachment":[{"href":"https:\/\/ukraine-infoportal.de\/index.php\/wp-json\/wp\/v2\/media?parent=89"}],"curies":[{"name":"wp","href":"https:\/\/api.w.org\/{rel}","templated":true}]}}