{"id":36,"date":"2022-09-07T20:19:28","date_gmt":"2022-09-07T20:19:28","guid":{"rendered":"https:\/\/ukraine-infoportal.de\/?page_id=36"},"modified":"2023-03-28T17:39:30","modified_gmt":"2023-03-28T17:39:30","slug":"die-innere-entwicklung-in-der-ukraine","status":"publish","type":"page","link":"https:\/\/ukraine-infoportal.de\/index.php\/die-innere-entwicklung-in-der-ukraine\/","title":{"rendered":"Die innere Verfassung der Ukraine"},"content":{"rendered":"\n<p>Um die Hintergr\u00fcnde des Ukrainischen B\u00fcrgerkrieges 2014-2022 und der russischen Invasion 2022 zu verstehen, reicht es nicht aus, allein auf die internationale Lage zu blicken. Der Verlauf des B\u00fcrgerkrieges und die Politik au\u00dfw\u00e4rtiger Akteure ist nicht zuletzt auch abh\u00e4ngig von den inneren Verh\u00e4ltnissen der Ukraine. Wie sehen die politischen Gegebenheiten der Ukraine aus? Welche politischen Str\u00f6mungen gibt es? Und welche Konsequenzen hat dies f\u00fcr den Kriegsverlauf und die Politik Russlands und des Westens?<\/p>\n\n\n\n<p id=\"block-58db5586-e579-4b33-a515-ecd41d6d7710\">Ein Klick auf den Autoren der jeweiligen Analyse f\u00fchrt zum vollst\u00e4ndigen Text. Rechts ist eine Zusammenfassung der wichtigsten Punkte in Stichpunkten<\/p>\n\n\n\n<figure class=\"wp-block-table\"><table><tbody><tr><td><strong>Autor<\/strong><\/td><td><strong>Thesen<\/strong><\/td><\/tr><tr><td><a href=\"https:\/\/globalbridge.ch\/ukraine-selenskyj-und-seine-regierung-sind-alles-andere-als-stabil\/\">Gordon Hahn<\/a><\/td><td>&#8211; Vor dem Kreig waren Pr\u00e4sident Selenskis Beliebtheitswerte sehr gering und der gegenw\u00e4rtige Anstieg seiner Werte ist nur durch den Krieg bedingt<br>&#8211; Aufgrund der vielen Desinformationen in ukrainischen Medien ist das Vertrauen der Bev\u00f6lkerung in Regierung und Staat sehr gering<br>&#8211; Pr\u00e4sident Selenski verbot:<br>* Parteien mit Ausnahme von ultranationalisitschen oder faschistischen Parteien,<br>* alle Privatsender und unterstellte die staatlichen Medien einer F\u00fchrung<br>* stellte den Ex-Pr\u00e4sidenten unter Hausarrest und formte das oberste Gericht um<br><strong>&#8211; Pr\u00e4sident Selenski machte sich viele Feinde im Establishment<br>&#8211; Die Regierung und der Staat sind sehr instabil<\/strong><br>&#8211;&gt; Sowohl die milit\u00e4rische als auch die zivile F\u00fchrung ist zunemend gespalten<br>&#8211;&gt; Bei anhaltenden Niederlagen droht Gealt im inneren des Staates durch die verschiedenen Fraktionen bei Oligarchen, Milit\u00e4r und faschistischen Gruppen<br>&#8211;&gt; Ein Putsch ist dann eine m\u00f6gliche Folge<\/td><\/tr><tr><td><a href=\"https:\/\/web.archive.org\/web\/20220712200327\/https:\/\/www.hintergrund.de\/politik\/welt\/schwierigkeiten-des-nation-building-der-fall-ukraine\/\">Georg Auernhaimer<\/a><\/td><td>&#8211; Der ukrainische Nationalgedanke ist sehr jung und das Land ethnisch heterogen und zerrissen<br>&#8211; Mit Geschichtsmythen versucht man ein Ukrainisches Geschichts- bzw. Nationalbewusstsein zu schaffen<br>&#8211; In der Zwischenkriegszeit lebte in der ukrainischen Sowjetrepublik Ukraine ein aggressiver Nationalismus auf. Man kollaborierte mit den Nazis<br>&#8211; Die Sowjetunion f\u00f6rderte die ukrainische Sprache und machte sie zur Literatur- und Schulsprache in ukrainischen Schulen, um den Nationalisten den Boden zu entziehen<br>&#8211; In den 90er Jahren schrumpfte die Wirtschaft massiv, die Bev\u00f6lkerung verarmte, Oligarchen rissen des Reichtum des Landes an sich<br>&#8211; Die Westorientierung des Pr\u00e4sidenten Juschtschenko (ab 2004) f\u00fchrte zu einer Neoliberalisierung &#8211;&gt; weitere Verarmung der B\u00fcrger, Wohlstandsmehrung f\u00fcr die Oligarchen<br>&#8211; Rechtsradikale gewinnen massiv an Einfluss. SIe haben zwar kaum Macht im Parlament, besetzen aber daf\u00fcr zahlreiche einflussreiche Positionen im Staatsapparat<\/td><\/tr><tr><td><a href=\"https:\/\/web.archive.org\/web\/20220610132455\/https:\/\/www.nachdenkseiten.de\/?p=83634\">Olga Baysha<\/a><\/td><td>&#8211; In Identit\u00e4tsfragen ist die Bev\u00f6lkerung gespaten in ehtnisch-ukrainisch vs. ostslawisch<br>&#8211; Wirtschaftliche Fragen, L\u00f6hne, Renten sind f\u00fcr die Bev\u00f6lkerung wichtiger als Identit\u00e4sfragen<br>&#8211; Selenski ist mit einem vagen Wahlprogramm mit den Zielen Frieden, Vers\u00f6hnung und Fortschritt an die Macht gekommen (70% der Stimmen)<br>&#8211; Danach hat er eine Privatisierungs- und Neoliberalisierungspolitik durchgesetzt ung seine Zustimmung in der Bev\u00f6lkerung ist abgest\u00fcrzt<br>&#8211; Die Reformen nach 2014 (Post-Maidan) und nach 2019 (Wahl Selenskis) dienen westlichen Interessen bzw. internationalen Organisationen<br>&#8211; Unter Pr\u00e4sident Selenski wird die Ukraine immer autorit\u00e4rer:<br>* Verbot privater Medien (2021) und Verhaftung oppositioneller Journalisten<br>* Verbot von 11 Parteien (im Jahr 2021) und Verfolgung\/ Verhaftung politischer Rivalen<br>* Seit 2015 Erstelung einer \u00f6ffentlicher Liste &#8222;Myrotvorets&#8220; auf die Oppositionelle gesetzt werden. Zahlreicher der Personen auf der Liste wurden ermordet oder mussten au\u00dfer Landes fliehen<br>In der Ukraine gehen Nationalismus und Neoliberalismus Hand in Hand<\/td><\/tr><tr><td><a href=\"https:\/\/web.archive.org\/web\/20230307021131\/https:\/\/www.ipg-journal.de\/rubriken\/arbeit-und-digitalisierung\/artikel\/arbeitsrechte-ukraine-6546\/\">Georgii Sandul<\/a><\/td><td>Die ukrainische Regierung hat Arbeitsmarktreformen umgesetzt:<br>&#8211; Der Arbitsmarkt wird liberalisiert<br>&#8211; Von nun an gelten Individualarbeitsvertr\u00e4ge und keine Kollektivvertr\u00e4ge mehr<br>&#8211; Arbeitgeber k\u00f6nnen einseitig Tarifvertr\u00e4ge au\u00dfer Kraft setzen<br>&#8211; Null-Stunden-Arbeitsvertr\u00e4ge werden eingef\u00fchrt<\/td><\/tr><tr><td><a href=\"https:\/\/web.archive.org\/web\/20230319020531\/https:\/\/www.telepolis.de\/features\/Das-Transformationsgeschaeft-mit-der-Ukraine-7521333.html?seite=all\">Philipp Fees<\/a><\/td><td>Die Wirtschaft der Ukraine soll unter dem Deckmantel der Wirtschaftshilfe transformiert werden:<br>&#8211; Privatisierung von Staatsbetrieben und Land (vor allem westl. Konzerne profitieren hiervon)<br>&#8211; Die EU soll vollst\u00e4ndigen Zugang zu den ukrainischen M\u00e4rkten<br>&#8211; Vorantreiben der Digitalisierung, darunter digitale ID und digitales Geld<\/td><\/tr><tr><td><a href=\"https:\/\/web.archive.org\/web\/20230319174155\/https:\/\/www.nachdenkseiten.de\/?p=92866\">Nachdenkseiten<\/a><\/td><td>Die Presse- und Meinungsfreiheit wird empfindlich eingeschr\u00e4nkt:<br>&#8211; Nicht registrierte Medien k\u00f6nnen ohne Gerichtsverfahren sofort von der Regierung geschlossen werden.<br>&#8211; Registrierte Medien k\u00f6nnen mit Hilde von Gerichtsverfahren geschlossen werden<\/td><\/tr><tr><td><a href=\"https:\/\/web.archive.org\/web\/20221219211238\/https:\/\/globalbridge.ch\/die-korruption-in-der-ukraine-laesst-zig-milliarden-us-dollar-verschwinden-pro-jahr\/\">Christian M\u00fcller<\/a><\/td><td>In der Ukraine ist die Gro\u00dfkorruption stark vertreten und wurde kaum reduziert<br>Mehrere Milliarden verschwinden in korrupten S\u00fcmpfen<br>Auch in der Justiz grassiert die Korruption ohne Tendenz auf Besserung<br>Die Ukraine schneidet im <a href=\"https:\/\/web.archive.org\/web\/20230306110657\/https:\/\/www.transparency.de\/cpi\/cpi-2021\/cpi-2021-tabellarische-rangliste\/\">Korruptionsindex <\/a>immer noch schlecht ab<\/td><\/tr><\/tbody><\/table><\/figure>\n","protected":false},"excerpt":{"rendered":"<p>Um die Hintergr\u00fcnde des Ukrainischen B\u00fcrgerkrieges 2014-2022 und der russischen Invasion 2022 zu verstehen, reicht es nicht aus, allein auf die internationale Lage zu blicken. Der Verlauf des B\u00fcrgerkrieges und die Politik au\u00dfw\u00e4rtiger Akteure ist nicht zuletzt auch abh\u00e4ngig von den inneren Verh\u00e4ltnissen der Ukraine. Wie sehen die politischen Gegebenheiten der Ukraine aus? Welche politischen [&hellip;]<\/p>\n","protected":false},"author":1,"featured_media":0,"parent":0,"menu_order":0,"comment_status":"closed","ping_status":"closed","template":"","meta":{"footnotes":""},"class_list":["post-36","page","type-page","status-publish","hentry"],"_links":{"self":[{"href":"https:\/\/ukraine-infoportal.de\/index.php\/wp-json\/wp\/v2\/pages\/36","targetHints":{"allow":["GET"]}}],"collection":[{"href":"https:\/\/ukraine-infoportal.de\/index.php\/wp-json\/wp\/v2\/pages"}],"about":[{"href":"https:\/\/ukraine-infoportal.de\/index.php\/wp-json\/wp\/v2\/types\/page"}],"author":[{"embeddable":true,"href":"https:\/\/ukraine-infoportal.de\/index.php\/wp-json\/wp\/v2\/users\/1"}],"replies":[{"embeddable":true,"href":"https:\/\/ukraine-infoportal.de\/index.php\/wp-json\/wp\/v2\/comments?post=36"}],"version-history":[{"count":5,"href":"https:\/\/ukraine-infoportal.de\/index.php\/wp-json\/wp\/v2\/pages\/36\/revisions"}],"predecessor-version":[{"id":244,"href":"https:\/\/ukraine-infoportal.de\/index.php\/wp-json\/wp\/v2\/pages\/36\/revisions\/244"}],"wp:attachment":[{"href":"https:\/\/ukraine-infoportal.de\/index.php\/wp-json\/wp\/v2\/media?parent=36"}],"curies":[{"name":"wp","href":"https:\/\/api.w.org\/{rel}","templated":true}]}}