{"id":32,"date":"2022-09-07T20:19:28","date_gmt":"2022-09-07T20:19:28","guid":{"rendered":"https:\/\/ukraine-infoportal.de\/?page_id=32"},"modified":"2023-03-28T17:47:32","modified_gmt":"2023-03-28T17:47:32","slug":"der-kriegsausbruch","status":"publish","type":"page","link":"https:\/\/ukraine-infoportal.de\/index.php\/der-kriegsausbruch\/","title":{"rendered":"Der Kriegsausbruch"},"content":{"rendered":"\n<p>Der Grund und der Zeitpunkt des Kriegsausbruchs ist schwer zu verstehen. In den Medien domminieren nur kurze Berichte und Spekulationen \u00fcber die Gr\u00fcnde des Krieges allgemein (die in der Regel nur in Russland gesucht werden). Zum Kriegsausbruch selbst mangelt es jedoch an Darstellungen. Auf dieser Seite sollen \u00dcbersichtsdarstellungen und Analysen zum Kriegsausbruch helfen, diese Informationsl\u00fccke zu schlie\u00dfen.<\/p>\n\n\n\n<p><\/p>\n\n\n\n<div class=\"wp-block-buttons is-content-justification-center is-layout-flex wp-container-core-buttons-is-layout-16018d1d wp-block-buttons-is-layout-flex\">\n<div class=\"wp-block-button\"><a class=\"wp-block-button__link wp-element-button\" href=\"https:\/\/ukraine-infoportal.de\/index.php\/2022\/09\/15\/der-kriegsausbruch-2022\/\">\u00dcbersicht<\/a><\/div>\n<\/div>\n\n\n\n<div class=\"wp-block-buttons is-content-justification-center is-layout-flex wp-container-core-buttons-is-layout-16018d1d wp-block-buttons-is-layout-flex\">\n<div class=\"wp-block-button alignright\"><a class=\"wp-block-button__link wp-element-button\" href=\"https:\/\/ukraine-infoportal.de\/index.php\/2022\/09\/15\/der-kriegsausbruch-2022-analyse\/\">Analysen<\/a><\/div>\n<\/div>\n","protected":false},"excerpt":{"rendered":"<p>Der Grund und der Zeitpunkt des Kriegsausbruchs ist schwer zu verstehen. In den Medien domminieren nur kurze Berichte und Spekulationen \u00fcber die Gr\u00fcnde des Krieges allgemein (die in der Regel nur in Russland gesucht werden). Zum Kriegsausbruch selbst mangelt es jedoch an Darstellungen. Auf dieser Seite sollen \u00dcbersichtsdarstellungen und Analysen zum Kriegsausbruch helfen, diese Informationsl\u00fccke [&hellip;]<\/p>\n","protected":false},"author":1,"featured_media":0,"parent":0,"menu_order":0,"comment_status":"closed","ping_status":"closed","template":"","meta":{"footnotes":""},"class_list":["post-32","page","type-page","status-publish","hentry"],"_links":{"self":[{"href":"https:\/\/ukraine-infoportal.de\/index.php\/wp-json\/wp\/v2\/pages\/32","targetHints":{"allow":["GET"]}}],"collection":[{"href":"https:\/\/ukraine-infoportal.de\/index.php\/wp-json\/wp\/v2\/pages"}],"about":[{"href":"https:\/\/ukraine-infoportal.de\/index.php\/wp-json\/wp\/v2\/types\/page"}],"author":[{"embeddable":true,"href":"https:\/\/ukraine-infoportal.de\/index.php\/wp-json\/wp\/v2\/users\/1"}],"replies":[{"embeddable":true,"href":"https:\/\/ukraine-infoportal.de\/index.php\/wp-json\/wp\/v2\/comments?post=32"}],"version-history":[{"count":3,"href":"https:\/\/ukraine-infoportal.de\/index.php\/wp-json\/wp\/v2\/pages\/32\/revisions"}],"predecessor-version":[{"id":247,"href":"https:\/\/ukraine-infoportal.de\/index.php\/wp-json\/wp\/v2\/pages\/32\/revisions\/247"}],"wp:attachment":[{"href":"https:\/\/ukraine-infoportal.de\/index.php\/wp-json\/wp\/v2\/media?parent=32"}],"curies":[{"name":"wp","href":"https:\/\/api.w.org\/{rel}","templated":true}]}}