{"id":267,"date":"2023-03-31T21:38:30","date_gmt":"2023-03-31T21:38:30","guid":{"rendered":"https:\/\/ukraine-infoportal.de\/?page_id=267"},"modified":"2023-06-10T13:48:53","modified_gmt":"2023-06-10T13:48:53","slug":"stimmen-aus-dem-ausland","status":"publish","type":"page","link":"https:\/\/ukraine-infoportal.de\/index.php\/stimmen-aus-dem-ausland\/","title":{"rendered":"Stimmen aus dem Ausland"},"content":{"rendered":"\n<p>Hier werden einige ausgew\u00e4hlte Positionen aus dem nicht-westlichen Ausland dargestellt.<\/p>\n\n\n\n<figure class=\"wp-block-table\"><table><tbody><tr><td>Nicht-Westliche Staaten<\/td><td><a href=\"https:\/\/web.archive.org\/web\/20230525022126\/https:\/\/geopoliticaleconomy.com\/2023\/04\/06\/west-sanctions-un-human-rights-council\/\">Nicht-westliche Staaten<\/a> lehen Sanktionen gegen Russland ab<\/td><\/tr><tr><td><a href=\"https:\/\/web.archive.org\/web\/20230314233420\/https:\/\/www.infosperber.ch\/politik\/der-globale-sueden-gegen-russland-und-gegen-sanktionen\/\">Der globale S\u00fcden<\/a><\/td><td>Der globale S\u00fcden verurteilt den Krieg in der Ukraine<br>Aber er lehnt aber Sanktionen gegen Russland ab<br>Er teilt nicht die Sicht der EU, USA und Gro\u00dfbritanniens auf den Konflikt<\/td><\/tr><tr><td>USA, China, Indien, T\u00fcrkei, EU<\/td><td>Eine <a href=\"https:\/\/web.archive.org\/web\/20230320135901\/https:\/\/geopoliticaleconomy.substack.com\/p\/west-rest-world-eu-study\">Umfrage zeigt<\/a>: In nicht-westlichen L\u00e4ndern herrscht eine andere Sicht zum Ukraine-Krieg als im Westen<br>Die Rolle des Westens wird deutlich negativer gesehen, die Rolle Russlands weniger negativ als im Westen<br>Die Einsch\u00e4tzungen zur internationalen Lage und zur demokratischen Verfasstheit westlicher L\u00e4nder unterscheiden sich deutlich zwischen westlichen und nicht-westlichen L\u00e4ndern<\/td><\/tr><tr><td>Lateinamerika<\/td><td>Der mexikanische Pr\u00e4sident stellt einen <a href=\"https:\/\/presidente.gob.mx\/discurso-del-presidente-andres-manuel-lopez-obrador-durante-el-desfile-civico-militar-212-aniversario-de-la-independencia\/\">Friedensplan <\/a>vor.<br>Dieser wird von <a href=\"https:\/\/web.archive.org\/web\/20221230114402\/https:\/\/www.nachdenkseiten.de\/?p=91271\">zahlreichen Staatsoberh\u00e4uptern unterst\u00fctzt<\/a>.<br><a href=\"https:\/\/web.archive.org\/web\/20230503054626\/https:\/\/www.german-foreign-policy.com\/news\/detail\/9223\">Brasilianischer Experte<\/a> wirft dem Westen Arroganz vor<\/td><\/tr><tr><td>Indien <\/td><td>Indien <a href=\"https:\/\/www.german-foreign-policy.com\/news\/detail\/9176\">lehnt eine Distanzierung von Russland ab<\/a> ebenso wie  Sanktionen.<br>Der indische Premierminister macht sich f\u00fcr eine <a href=\"https:\/\/web.archive.org\/web\/20230315063512\/http:\/\/www.jungewelt.de\/artikel\/445692.staatsbesuch-distanzierung-bleibt-aus.html\">diplomatische L\u00f6sung<\/a> des Konflikts stark<\/td><\/tr><tr><td>China<\/td><td>China stellt einen <a href=\"https:\/\/web.archive.org\/web\/20230328161800\/https:\/\/www.infosperber.ch\/medien\/medienkritik\/der-chinesische-friedensplan-fuer-die-ukraine-im-wortlaut\/\">Friedensplan<\/a> zur Beendigung des Ukraine-Kriegs vor (englische und deutsche Fassung)<\/td><\/tr><\/tbody><\/table><\/figure>\n","protected":false},"excerpt":{"rendered":"<p>Hier werden einige ausgew\u00e4hlte Positionen aus dem nicht-westlichen Ausland dargestellt. Nicht-Westliche Staaten Nicht-westliche Staaten lehen Sanktionen gegen Russland ab Der globale S\u00fcden Der globale S\u00fcden verurteilt den Krieg in der UkraineAber er lehnt aber Sanktionen gegen Russland abEr teilt nicht die Sicht der EU, USA und Gro\u00dfbritanniens auf den Konflikt USA, China, Indien, T\u00fcrkei, EU [&hellip;]<\/p>\n","protected":false},"author":1,"featured_media":0,"parent":0,"menu_order":0,"comment_status":"closed","ping_status":"closed","template":"","meta":{"footnotes":""},"class_list":["post-267","page","type-page","status-publish","hentry"],"_links":{"self":[{"href":"https:\/\/ukraine-infoportal.de\/index.php\/wp-json\/wp\/v2\/pages\/267","targetHints":{"allow":["GET"]}}],"collection":[{"href":"https:\/\/ukraine-infoportal.de\/index.php\/wp-json\/wp\/v2\/pages"}],"about":[{"href":"https:\/\/ukraine-infoportal.de\/index.php\/wp-json\/wp\/v2\/types\/page"}],"author":[{"embeddable":true,"href":"https:\/\/ukraine-infoportal.de\/index.php\/wp-json\/wp\/v2\/users\/1"}],"replies":[{"embeddable":true,"href":"https:\/\/ukraine-infoportal.de\/index.php\/wp-json\/wp\/v2\/comments?post=267"}],"version-history":[{"count":3,"href":"https:\/\/ukraine-infoportal.de\/index.php\/wp-json\/wp\/v2\/pages\/267\/revisions"}],"predecessor-version":[{"id":290,"href":"https:\/\/ukraine-infoportal.de\/index.php\/wp-json\/wp\/v2\/pages\/267\/revisions\/290"}],"wp:attachment":[{"href":"https:\/\/ukraine-infoportal.de\/index.php\/wp-json\/wp\/v2\/media?parent=267"}],"curies":[{"name":"wp","href":"https:\/\/api.w.org\/{rel}","templated":true}]}}