{"id":261,"date":"2023-03-31T21:14:09","date_gmt":"2023-03-31T21:14:09","guid":{"rendered":"https:\/\/ukraine-infoportal.de\/?page_id=261"},"modified":"2023-03-31T21:14:09","modified_gmt":"2023-03-31T21:14:09","slug":"minsk-ii","status":"publish","type":"page","link":"https:\/\/ukraine-infoportal.de\/index.php\/minsk-ii\/","title":{"rendered":"Minsk II"},"content":{"rendered":"\n<p>Das Friedensabkommen Minsk II sollte den Grundstein legen f\u00fcr eine Feuerpause im ukrianischen B\u00fcrgerkrieg und einen dauerhaften Frieden schaffen.  <\/p>\n\n\n\n<p>Das Abkommen scheiterte letztendlich daran, weil die Regierungen in Kiew sich weigerten, es umzusetzen. Laut einem Interview, dass des Ex-Pr\u00e4sidenten Poroschenko, gin es im bei der Unterzeichnung des Abkommens nur darum, Zeit zu kaufen, um die ukrainische Armee aufzur\u00fcsten in einem <a href=\"https:\/\/web.archive.org\/web\/20220714082924\/https:\/\/www.dw.com\/en\/us-to-send-ukraine-another-1-billion-in-military-aid-as-it-happened\/a-62135192\">Artikel der Deutschen Welle<\/a> hei\u00dft es: &#8222;Poroshenko also defended his decision\u00a0to sign the Minsk agreement with Russia, saying the\u00a02015 peace accord won Ukraine &#8222;eight years to create [an] army&#8220; and rebuild its economy. [Poroschenko:] &#8222;We win eight years to continue the reforms and to move to the European Union,&#8220; Selenski best\u00e4tigt, dass auch er <a href=\"https:\/\/web.archive.org\/web\/20230320065221mp_\/https:\/\/archive.is\/Q5Eol\">nie die Absicht<\/a> hatte das Abkommen umzusetzen. Auch Bundeskanzlerin <a href=\"https:\/\/archive.ph\/4vZYl\">Angela Merkel <\/a>und damaliger Pr\u00e4sident <a href=\"https:\/\/kyivindependent.com\/national\/hollande-there-will-only-be-a-way-out-of-the-conflict-when-russia-fails-on-the-ground\">Francois Holland<\/a> erkl\u00e4rten, dass sie das Abkommen nie umsetzen wollten.<\/p>\n\n\n\n<p>Es folgt eine deutsche \u00dcbersetzung der dort festgelegten Punkte. Die \u00dcbersetzung stammt aus einem Artikel der Zeitung  <a href=\"https:\/\/web.archive.org\/web\/20220307082721\/https:\/\/www.welt.de\/newsticker\/dpa_nt\/infoline_nt\/thema_nt\/article131986171\/Das-Minsker-OSZE-Protokoll-fuer-eine-Feuerpause.html\">Welt<\/a>. Das russischsprachige Original findet sich <a href=\"https:\/\/www.osce.org\/files\/f\/documents\/a\/a\/123258.pdf\">hier<\/a><\/p>\n\n\n\n<p><\/p>\n\n\n\n<p>1. Die unverz\u00fcgliche beiderseitige Unterbrechung der Anwendung von Waffengewalt zu gew\u00e4hrleisten.<\/p>\n\n\n\n<p>2. Das Monitoring und die \u00dcberpr\u00fcfung der Waffenruhe durch die OSZE zu gew\u00e4hrleisten.<\/p>\n\n\n\n<p>3. Die Dezentralisierung der Macht in der Ukraine zu verwirklichen, darunter durch die Annahme des Gesetzes &#8222;\u00dcber die vor\u00fcbergehende Ordnung der lokalen Selbstverwaltung in den gesonderten Kreisen der Donezker und Lugansker Gebiete&#8220; (Gesetz \u00fcber den Sonderstatus).<\/p>\n\n\n\n<p>4. Das st\u00e4ndige Monitoring an der russisch-ukrainischen Staatsgrenze und die \u00dcberpr\u00fcfung seitens der OSZE zu gew\u00e4hrleisten, mit der Bildung einer Sicherheitszone in den Grenzkreisen der Ukraine und der Russischen F\u00f6deration.<\/p>\n\n\n\n<p>5. Sofort alle Geiseln und ungesetzlich festgehaltenen Personen zu befreien.<\/p>\n\n\n\n<p>6. Das Gesetz \u00fcber die Nichtzulassung der Verfolgung und der Bestrafung von Personen in Zusammenhang mit den Ereignissen zu \u00fcbernehmen, die in einzelnen Kreisen der Donezker und Lugansker Gebiete der Ukraine geschehen sind.<\/p>\n\n\n\n<p>7. Den inklusiven nationalen Dialog fortsetzen.<\/p>\n\n\n\n<p>8. Ma\u00dfnahmen zur Verbesserung der humanit\u00e4ren Situation im Donbass zu ergreifen.<\/p>\n\n\n\n<p>9. Die Durchf\u00fchrung vorgezogener Kommunalwahlen zu gew\u00e4hrleisten, entsprechend dem ukrainischen Gesetz &#8222;\u00dcber die vor\u00fcbergehende Ordnung der lokalen Selbstverwaltung in den gesonderten Kreisen der Donezker und Lugansker Gebiete&#8220; (Gesetz \u00fcber den Sonderstatus).<\/p>\n\n\n\n<p>10. Die ungesetzlichen bewaffneten Formationen, die Milit\u00e4rtechnik sowie die Freisch\u00e4rler und S\u00f6ldner aus der Ukraine herauszuf\u00fchren.<\/p>\n\n\n\n<p>11. Ein Programm des wirtschaftlichen Wiederaufbaus des Donbass und der Wiederherstellung der Lebensfunktionen der Region zu beschlie\u00dfen.<\/p>\n\n\n\n<p>12. Die Garantie der pers\u00f6nlichen Sicherheit der Teilnehmer der Konsultationen zu gew\u00e4hren.<\/p>\n\n\n\n<p><\/p>\n","protected":false},"excerpt":{"rendered":"<p>Das Friedensabkommen Minsk II sollte den Grundstein legen f\u00fcr eine Feuerpause im ukrianischen B\u00fcrgerkrieg und einen dauerhaften Frieden schaffen. Das Abkommen scheiterte letztendlich daran, weil die Regierungen in Kiew sich weigerten, es umzusetzen. Laut einem Interview, dass des Ex-Pr\u00e4sidenten Poroschenko, gin es im bei der Unterzeichnung des Abkommens nur darum, Zeit zu kaufen, um die [&hellip;]<\/p>\n","protected":false},"author":1,"featured_media":0,"parent":0,"menu_order":0,"comment_status":"closed","ping_status":"closed","template":"","meta":{"footnotes":""},"class_list":["post-261","page","type-page","status-publish","hentry"],"_links":{"self":[{"href":"https:\/\/ukraine-infoportal.de\/index.php\/wp-json\/wp\/v2\/pages\/261","targetHints":{"allow":["GET"]}}],"collection":[{"href":"https:\/\/ukraine-infoportal.de\/index.php\/wp-json\/wp\/v2\/pages"}],"about":[{"href":"https:\/\/ukraine-infoportal.de\/index.php\/wp-json\/wp\/v2\/types\/page"}],"author":[{"embeddable":true,"href":"https:\/\/ukraine-infoportal.de\/index.php\/wp-json\/wp\/v2\/users\/1"}],"replies":[{"embeddable":true,"href":"https:\/\/ukraine-infoportal.de\/index.php\/wp-json\/wp\/v2\/comments?post=261"}],"version-history":[{"count":1,"href":"https:\/\/ukraine-infoportal.de\/index.php\/wp-json\/wp\/v2\/pages\/261\/revisions"}],"predecessor-version":[{"id":262,"href":"https:\/\/ukraine-infoportal.de\/index.php\/wp-json\/wp\/v2\/pages\/261\/revisions\/262"}],"wp:attachment":[{"href":"https:\/\/ukraine-infoportal.de\/index.php\/wp-json\/wp\/v2\/media?parent=261"}],"curies":[{"name":"wp","href":"https:\/\/api.w.org\/{rel}","templated":true}]}}