{"id":228,"date":"2023-03-28T16:49:25","date_gmt":"2023-03-28T16:49:25","guid":{"rendered":"https:\/\/ukraine-infoportal.de\/?page_id=228"},"modified":"2023-03-31T21:09:22","modified_gmt":"2023-03-31T21:09:22","slug":"nord-stream-ii","status":"publish","type":"page","link":"https:\/\/ukraine-infoportal.de\/index.php\/nord-stream-ii\/","title":{"rendered":"Nord Stream II"},"content":{"rendered":"\n<p id=\"block-e1b6a30a-1582-41a5-b14c-d1212cf6d03d\">Der Anschlag auf Nord Stream I und II hat f\u00fcr viel Spekulationen gesorgt. Hier folgt eine Sammlung der ge\u00e4u\u00dferten Thesen, Analysen und Kommentare \u00fcber die Berichterstattung in der deutschen Medienlandschaft. Die \u00dcbersicht soll dem Leser helfen, sich \u00fcber den gegenw\u00e4rtigen Informationsstand zu informieren und sich ein eigenes Bild zum Anschlag zu machen.<\/p>\n\n\n\n<figure class=\"wp-block-table\"><table><tbody><tr><td>Seymour Hersh<\/td><td>Der Pulitzer-Preistr\u00e4ger und investigativer Journalist macht mit Berufung auf anonyme Quellen im amerikanischen Geheidienstapparat in einem <a href=\"https:\/\/web.archive.org\/web\/20230323222724mp_\/https:\/\/seymourhersh.substack.com\/p\/how-america-took-out-the-nord-stream\">Bericht<\/a> die USA und Norwegen f\u00fcr die Sprengung von Nord Stream II verantwortlich<br>&#8211; unter Schutz einer NATO-\u00dcbung in der Ostsee haben Taucher Sprengladungen an der Pipeline angebracht<br>&#8211; Pr\u00e4sident Biden wollte auf diese Weise verhindern, dass die deutsche Bundesregierung Gasimporte aus Russland wieder aufnehmen kann<br>Die Sprengladungen wurden aus der Ferne gez\u00fcndet<br>&#8211; Er wiederholt seine Anschuldigungen in einem <a href=\"https:\/\/web.archive.org\/web\/20230323205144\/https:\/\/www.berliner-zeitung.de\/politik-gesellschaft\/seymour-hersh-im-interview-joe-biden-sprengte-nord-stream-weil-er-deutschland-nicht-traut-li.317700\">Interview<\/a> und beschuldigt Bundeskanzler Olaf Scholz, sich an der <a href=\"https:\/\/web.archive.org\/web\/20230327072343\/https:\/\/seymourhersh.substack.com\/p\/the-cover-up\">Vertuschung der amerikanischen T\u00e4terschaft zu beteiligen<\/a>.<br>&#8211; Der amerikanische Geheimdienst versuche von der amerikanischen T\u00e4terschaft mit Hilfe von <a href=\"https:\/\/web.archive.org\/web\/20230326215729\/https:\/\/www.berliner-zeitung.de\/wirtschaft-verantwortung\/pipeline-sabotage-nord-stream-enthuellungen-us-journalist-seymour-hersh-wehrt-sich-gegen-kritiker-und-verweist-auf-neue-anonyme-geheimdienst-quellen-li.330443\">falschen Geschichten<\/a> von ukrainischen T\u00e4tern abzulenken.<\/td><\/tr><tr><td><a href=\"http:\/\/web.archive.org\/web\/20230328023455\/https:\/\/www.t-online.de\/nachrichten\/deutschland\/aussenpolitik\/id_100140696\/sabotage-an-nord-stream-zweifel-an-tauchoperation.html\">J. M\u00fcller-T\u00f6we, L. Becke, C. Janz, L. Wienand<\/a><\/td><td>&#8211; Deutsche und US-Medien, dass eine kleine Gruppe von Ukrainern f\u00fcr den Anschlag verantwortlich sind. Diese handelten allein und ohne Verbindung zur ukrainischen Regierung<br>&#8211; Experten, die von t-Online befragt wurden, bezweifeln diese These:<br>* so gro\u00dfe Mengen Sprengstoff, wie sie f\u00fcr die Sprengung gebraucht wurden, k\u00f6nnen kaum ohne staatliche Hilfe beschafft worden sein<br>* auch gut gef\u00e4lschte biometrische P\u00e4sse mit falschen Identit\u00e4ten k\u00f6nnen nicht ohne staatliche Unterst\u00fctzung beschafft worden sein<br>* die verd\u00e4chtigten ukrainischen Taucher besitzen nicht \u00fcber das Wissen, die Erfahrung und die Ausr\u00fcstung f\u00fcr so anspruchsvolle Tauchg\u00e4nge<\/td><\/tr><tr><td><a href=\"http:\/\/web.archive.org\/web\/20230315092944\/https:\/\/www.zdf.de\/nachrichten\/politik\/nord-stream-sicherheitsexperte-ukraine-krieg-russland-100.html\">ZDF<\/a><\/td><td>Auch ein vom ZDF beafragter Experte bezweifelt die These von der ukrainischen Urherberschaft des Anschlags:<br>&#8211; Ein Anschlag solchen Ausma\u00dfes ist zu komplex, um von einer so kleinen Gruppe organisiert zu werden<br>&#8211; Dies betrifft die Kosten, das K\u00f6nnen und den organisatorischen Aufwand des Anschlags<\/td><\/tr><tr><td><a href=\"http:\/\/web.archive.org\/web\/20230324230736\/https:\/\/www.infosperber.ch\/politik\/welt\/einige-medien-glauben-der-jacht-story-mehr-als-seymour-hersh\/\">Urs P. Gasche<\/a><\/td><td>&#8211; Eine Presseschau von Infosperber kommt zu dem Schluss, dass die deutschen Medien, die These von der ukrainischen Urheberschaft des Anschlags mehr Raum einr\u00e4umen und trotz deutlicher Skepsis bei Experten als wahrscheinlicher darstellen als die Version Seymour Hershs.<br>&#8211; Es wird der Vorwurf ge\u00e4u\u00dfert, dass die Medien mit zweierlei Ma\u00df berichten und analysieren<\/td><\/tr><tr><td><a href=\"https:\/\/web.archive.org\/web\/20230330040017\/https:\/\/www.nachdenkseiten.de\/?p=95378\">Peter Vonnahme<\/a><\/td><td>Vonnahme bietet eine Analyse, welche T\u00e4terschaft am wahrscheinlichsten ist:<br>&#8211; Die T\u00e4terschaft Russlands ist wenig wahrscheinlich<br>&#8211; Es spricht viel f\u00fcr die Verantwortlichkeit der USA, sei es als T\u00e4ter oder Anstifter oder Gehilfe.<br>&#8211; Der Bericht Seymour Hershs ist in sich schl\u00fcssig und setzt die USA unter Rechtfertigungsdruck<br>&#8211; Jeffrey Sachs schrieb f\u00fcr den UN-Sicherheitsrat ein Gutachten:<br>* die technischen Kapazit\u00e4ten f\u00fcr eine solche Tat und den notwendigen Zugang<br>zur Ostsee verf\u00fcgten, n\u00e4mlich Russland, die Vereinigten Staaten, das<br>Vereinigte K\u00f6nigreich, Polen, Norwegen, Deutschland, D\u00e4nemark und<br>Schweden; die Ukraine geh\u00f6re nicht dazu<br>&#8211; Schweden h\u00e4lt seinen Untersuchugnsbericht unter Verschluss und weigert sich mit Russland oder Deutschland zu kooperieren<br>&#8211; Deutschland und D\u00e4nemark halten ihren Bericht ebenfalls unter Verschluss<\/td><\/tr><tr><td><a href=\"https:\/\/web.archive.org\/web\/20230307092437\/https:\/\/www.nachdenkseiten.de\/?p=88813\">Florian Warweg<\/a><\/td><td>&#8211; Der amerikanische Au\u00dfenminister Blinken bezeichnet in einem Interview die Zerst\u00f6rung von Nord Stream I+II als herausragende Chance f\u00fcr die USA, um ihr Fracking-Gas nach Europa zu exportieren<br>&#8211; trotzdem dominiert in den deutschen Medien die Meinung, dass die USA vom Anschlag nicht profitieren<br>&#8211; Zur Dokumentation wurde das Interview mit dem Au\u00dfenminister ins Deutsche \u00fcbersetzt<\/td><\/tr><\/tbody><\/table><\/figure>\n","protected":false},"excerpt":{"rendered":"<p>Der Anschlag auf Nord Stream I und II hat f\u00fcr viel Spekulationen gesorgt. Hier folgt eine Sammlung der ge\u00e4u\u00dferten Thesen, Analysen und Kommentare \u00fcber die Berichterstattung in der deutschen Medienlandschaft. Die \u00dcbersicht soll dem Leser helfen, sich \u00fcber den gegenw\u00e4rtigen Informationsstand zu informieren und sich ein eigenes Bild zum Anschlag zu machen. Seymour Hersh Der [&hellip;]<\/p>\n","protected":false},"author":1,"featured_media":0,"parent":0,"menu_order":0,"comment_status":"closed","ping_status":"closed","template":"","meta":{"footnotes":""},"class_list":["post-228","page","type-page","status-publish","hentry"],"_links":{"self":[{"href":"https:\/\/ukraine-infoportal.de\/index.php\/wp-json\/wp\/v2\/pages\/228","targetHints":{"allow":["GET"]}}],"collection":[{"href":"https:\/\/ukraine-infoportal.de\/index.php\/wp-json\/wp\/v2\/pages"}],"about":[{"href":"https:\/\/ukraine-infoportal.de\/index.php\/wp-json\/wp\/v2\/types\/page"}],"author":[{"embeddable":true,"href":"https:\/\/ukraine-infoportal.de\/index.php\/wp-json\/wp\/v2\/users\/1"}],"replies":[{"embeddable":true,"href":"https:\/\/ukraine-infoportal.de\/index.php\/wp-json\/wp\/v2\/comments?post=228"}],"version-history":[{"count":4,"href":"https:\/\/ukraine-infoportal.de\/index.php\/wp-json\/wp\/v2\/pages\/228\/revisions"}],"predecessor-version":[{"id":258,"href":"https:\/\/ukraine-infoportal.de\/index.php\/wp-json\/wp\/v2\/pages\/228\/revisions\/258"}],"wp:attachment":[{"href":"https:\/\/ukraine-infoportal.de\/index.php\/wp-json\/wp\/v2\/media?parent=228"}],"curies":[{"name":"wp","href":"https:\/\/api.w.org\/{rel}","templated":true}]}}